{"id":4539,"date":"2021-06-10T15:27:29","date_gmt":"2021-06-10T14:27:29","guid":{"rendered":"https:\/\/taormina-touristservice.com\/wp_tts2019\/visite-guidate-private-in-sicilia-taormina-tourist-service\/"},"modified":"2023-04-30T22:52:09","modified_gmt":"2023-04-30T21:52:09","slug":"visite-guidate-private-in-sicilia-taormina-tourist-service","status":"publish","type":"page","link":"https:\/\/taorminatourguide.com\/it\/","title":{"rendered":"Visite guidate in Sicilia"},"content":{"rendered":"<p>[vc_row full_width=&#8221;stretch_row_content_no_spaces&#8221; row_fullwidth=&#8221;yes&#8221; css=&#8221;.vc_custom_1633534211668{background-position: center !important;background-repeat: no-repeat !important;background-size: cover !important;}&#8221;][vc_column offset=&#8221;vc_hidden-xs&#8221;][\/vc_column][\/vc_row][vc_row full_width=&#8221;stretch_row_content_no_spaces&#8221; row_fullwidth=&#8221;yes&#8221; css=&#8221;.vc_custom_1633534211668{background-position: center !important;background-repeat: no-repeat !important;background-size: cover !important;}&#8221;][vc_column offset=&#8221;vc_hidden-lg vc_hidden-md vc_hidden-sm&#8221;][\/vc_column][\/vc_row][vc_row full_width=&#8221;stretch_row_content&#8221;][vc_column][vc_empty_space height=&#8221;80px&#8221; el_class=&#8221;space-top&#8221;][vc_custom_heading text=&#8221;Visite guidate in Sicilia&#8221; font_container=&#8221;tag:h1|font_size:42|text_align:center|color:%23702762&#8243; google_fonts=&#8221;font_family:Alike%3Aregular|font_style:400%20regular%3A400%3Anormal&#8221; css_animation=&#8221;fadeIn&#8221; css=&#8221;.vc_custom_1679127237617{padding-right: 48px !important;padding-left: 48px !important;}&#8221;][vc_custom_heading text=&#8221;Scopri la Sicilia, Taormina e i dintorni. Immergiti in paesaggi mozzafiato, vivi la magia delle nostre tradizioni con un&#8217;appassionata guida privata.&#8221; font_container=&#8221;tag:h2|text_align:center|color:%23000000&#8243; google_fonts=&#8221;font_family:Alike%3Aregular|font_style:400%20regular%3A400%3Anormal&#8221; css_animation=&#8221;fadeIn&#8221; css=&#8221;.vc_custom_1679127966864{padding-right: 48px !important;padding-left: 48px !important;}&#8221;][vc_empty_space height=&#8221;24px&#8221; el_class=&#8221;space-top&#8221;][vc_row_inner][vc_column_inner width=&#8221;1\/2&#8243;][vc_column_text]<\/p>\n<p style=\"text-align: justify;\"><span style=\"color: #333333;\"><strong>Visite guidate Sicilia, Italia<\/strong> &#8211; Approfitta del tuo prossimo viaggio in Sicilia per visitarne i luoghi pi\u00f9 suggestivi, assaporarne le coinvolgenti atmosfere della culla della civilt\u00e0 del Mediterraneo in base alle tue preferenze e con i tuoi tempi. <strong>Possiamo organizzare tour e attivit\u00e0 in base ai tuoi bisogni e interessi focalizzandoci sui temi che preferisci.<\/strong><\/span><\/p>\n<p>[\/vc_column_text][\/vc_column_inner][vc_column_inner width=&#8221;1\/2&#8243;][vc_column_text]<\/p>\n<p style=\"text-align: justify;\"><span style=\"color: #333333;\">Veniamo noi a prenderti! Forniamo un <strong>ottimo servizio di trasporto con autista privato sia per piccoli che per grandi gruppi<\/strong>. Organizziamo anche <strong>escursioni con partenza dal porto di Giardini Naxos, Taormina, Catania, Messina<\/strong> e aree circostanti.<\/span><\/p>\n<p>[\/vc_column_text][\/vc_column_inner][\/vc_row_inner][vc_row_inner][vc_column_inner][vc_empty_space height=&#8221;16px&#8221;][vc_custom_heading text=&#8221;Le nostre visite guidate&#8221; font_container=&#8221;tag:h3|text_align:center|color:%23000000&#8243; google_fonts=&#8221;font_family:Alike%3Aregular|font_style:400%20regular%3A400%3Anormal&#8221; css_animation=&#8221;fadeIn&#8221; css=&#8221;.vc_custom_1679130235223{padding-right: 48px !important;padding-left: 48px !important;}&#8221;]            <div class=\"row list-destination normal\">\r\n                            <div class=\"col-xs-12 col-sm-6 col-md-4 has-matchHeight normal-item\">\r\n                    <div class=\"destination-item\">\r\n                        <div class=\"image\">\r\n                                                        <a class=\"st-link\" href=\"https:\/\/taorminatourguide.com\/it\/location\/tour-privati-di-taormina\/\">\r\n                                <img loading=\"lazy\" decoding=\"async\" src=\"https:\/\/taorminatourguide.com\/wp-content\/uploads\/iStock-656939650-370x370.jpg\" width=\"370\" height=\"370\"\r\n                                     class=\"img-responsive\" alt = \"Tour privati di Taormina\">\r\n                            <\/a>\r\n                            <div class=\"content\">\r\n                                <h3 class=\"title\">\r\n                                    <a href=\"https:\/\/taorminatourguide.com\/it\/location\/tour-privati-di-taormina\/\">\r\n                                        Tour privati di Taormina                                    <\/a>\r\n                                <\/h3>\r\n                                <div class=\"desc st_tours\"><a href=\"https:\/\/taorminatourguide.com\/it\/catalogo-visite-guidate-sicilia\/?location_name=Tour%20privati%20di%20Taormina&#038;location_id=7595\">0 tours<\/a><\/div>                            <\/div>\r\n                                                    <\/div>\r\n                    <\/div>\r\n                <\/div>\r\n                                <div class=\"col-xs-12 col-sm-6 col-md-4 has-matchHeight normal-item\">\r\n                    <div class=\"destination-item\">\r\n                        <div class=\"image\">\r\n                                                        <a class=\"st-link\" href=\"https:\/\/taorminatourguide.com\/it\/location\/visite-private-a-castelmola\/\">\r\n                                <img loading=\"lazy\" decoding=\"async\" src=\"https:\/\/taorminatourguide.com\/wp-content\/uploads\/view-on-town-Taormina-from-Castelmola_Sicily-city-tour_Chiara-Rozzi-370x370.jpg\" width=\"370\" height=\"370\"\r\n                                     class=\"img-responsive\" alt = \"Tour privato di Castelmola\">\r\n                            <\/a>\r\n                            <div class=\"content\">\r\n                                <h3 class=\"title\">\r\n                                    <a href=\"https:\/\/taorminatourguide.com\/it\/location\/visite-private-a-castelmola\/\">\r\n                                        Tour privato di Castelmola                                    <\/a>\r\n                                <\/h3>\r\n                                <div class=\"desc st_tours\"><a href=\"https:\/\/taorminatourguide.com\/it\/catalogo-visite-guidate-sicilia\/?location_name=Tour%20privato%20di%20Castelmola&#038;location_id=7599\">0 tours<\/a><\/div>                            <\/div>\r\n                                                    <\/div>\r\n                    <\/div>\r\n                <\/div>\r\n                                <div class=\"col-xs-12 col-sm-6 col-md-4 has-matchHeight normal-item\">\r\n                    <div class=\"destination-item\">\r\n                        <div class=\"image\">\r\n                                                        <a class=\"st-link\" href=\"https:\/\/taorminatourguide.com\/it\/location\/tour-privati-delletna\/\">\r\n                                <img loading=\"lazy\" decoding=\"async\" src=\"https:\/\/taorminatourguide.com\/wp-content\/uploads\/Mount-Etna_excursion-to-the-Etna-volcano_Sicily-private-tours_Chiara-Rozzi-370x370.jpg\" width=\"370\" height=\"370\"\r\n                                     class=\"img-responsive\" alt = \"Tour privati dell&#8217;Etna\">\r\n                            <\/a>\r\n                            <div class=\"content\">\r\n                                <h3 class=\"title\">\r\n                                    <a href=\"https:\/\/taorminatourguide.com\/it\/location\/tour-privati-delletna\/\">\r\n                                        Tour privati dell&#8217;Etna                                    <\/a>\r\n                                <\/h3>\r\n                                <div class=\"desc st_tours\"><a href=\"https:\/\/taorminatourguide.com\/it\/catalogo-visite-guidate-sicilia\/?location_name=Tour%20privati%20dell&#8217;Etna&#038;location_id=7600\">1 tour<\/a><\/div>                            <\/div>\r\n                                                    <\/div>\r\n                    <\/div>\r\n                <\/div>\r\n                                <div class=\"col-xs-12 col-sm-6 col-md-4 has-matchHeight normal-item\">\r\n                    <div class=\"destination-item\">\r\n                        <div class=\"image\">\r\n                                                        <a class=\"st-link\" href=\"https:\/\/taorminatourguide.com\/it\/location\/tour-privato-di-savoca-e-forza-dagro\/\">\r\n                                <img loading=\"lazy\" decoding=\"async\" src=\"https:\/\/taorminatourguide.com\/wp-content\/uploads\/Savoca_Beautiful-landscape-with-Savoca-village-at-the-mountain_Sicily-city-tours_Chiara-Rozzi-370x370.jpg\" width=\"370\" height=\"370\"\r\n                                     class=\"img-responsive\" alt = \"Tour privato di Savoca e Forza d&#8217;Agr\u00f2\">\r\n                            <\/a>\r\n                            <div class=\"content\">\r\n                                <h3 class=\"title\">\r\n                                    <a href=\"https:\/\/taorminatourguide.com\/it\/location\/tour-privato-di-savoca-e-forza-dagro\/\">\r\n                                        Tour privato di Savoca e Forza d&#8217;Agr\u00f2                                    <\/a>\r\n                                <\/h3>\r\n                                <div class=\"desc st_tours\"><a href=\"https:\/\/taorminatourguide.com\/it\/catalogo-visite-guidate-sicilia\/?location_name=Tour%20privato%20di%20Savoca%20e%20Forza%20d&#8217;Agr\u00f2&#038;location_id=7597#8217;Etna&#038;location_id=7600\">1 tour<\/a><\/div>                            <\/div>\r\n                                                    <\/div>\r\n                    <\/div>\r\n                <\/div>\r\n                                <div class=\"col-xs-12 col-sm-6 col-md-4 has-matchHeight normal-item\">\r\n                    <div class=\"destination-item\">\r\n                        <div class=\"image\">\r\n                                                        <a class=\"st-link\" href=\"https:\/\/taorminatourguide.com\/it\/location\/tour-privati-di-siracusa\/\">\r\n                                <img loading=\"lazy\" decoding=\"async\" src=\"https:\/\/taorminatourguide.com\/wp-content\/uploads\/Siracusa_the-church-of-St-Giovanni_Sicily-city-tours_Chiara-Rozzi-370x370.jpg\" width=\"370\" height=\"370\"\r\n                                     class=\"img-responsive\" alt = \"Tour privati di Siracusa\">\r\n                            <\/a>\r\n                            <div class=\"content\">\r\n                                <h3 class=\"title\">\r\n                                    <a href=\"https:\/\/taorminatourguide.com\/it\/location\/tour-privati-di-siracusa\/\">\r\n                                        Tour privati di Siracusa                                    <\/a>\r\n                                <\/h3>\r\n                                <div class=\"desc st_tours\"><a href=\"https:\/\/taorminatourguide.com\/it\/catalogo-visite-guidate-sicilia\/?location_name=Tour%20privati%20di%20Siracusa&#038;location_id=7596#8217;Agr\u00f2&#038;location_id=7597#8217;Etna&#038;location_id=7600\">1 tour<\/a><\/div>                            <\/div>\r\n                                                    <\/div>\r\n                    <\/div>\r\n                <\/div>\r\n                                <div class=\"col-xs-12 col-sm-6 col-md-4 has-matchHeight normal-item\">\r\n                    <div class=\"destination-item\">\r\n                        <div class=\"image\">\r\n                                                        <a class=\"st-link\" href=\"https:\/\/taorminatourguide.com\/it\/location\/tour-privati-di-catania\/\">\r\n                                <img loading=\"lazy\" decoding=\"async\" src=\"https:\/\/taorminatourguide.com\/wp-content\/uploads\/Catania-alto-370x370.jpeg\" width=\"370\" height=\"370\"\r\n                                     class=\"img-responsive\" alt = \"Tour privati di Catania\">\r\n                            <\/a>\r\n                            <div class=\"content\">\r\n                                <h3 class=\"title\">\r\n                                    <a href=\"https:\/\/taorminatourguide.com\/it\/location\/tour-privati-di-catania\/\">\r\n                                        Tour privati di Catania                                    <\/a>\r\n                                <\/h3>\r\n                                <div class=\"desc st_tours\"><a href=\"https:\/\/taorminatourguide.com\/it\/catalogo-visite-guidate-sicilia\/?location_name=Tour%20privati%20di%20Catania&#038;location_id=7598#8217;Agr\u00f2&#038;location_id=7597#8217;Etna&#038;location_id=7600\">1 tour<\/a><\/div>                            <\/div>\r\n                                                    <\/div>\r\n                    <\/div>\r\n                <\/div>\r\n                        <\/div>\r\n        [vc_empty_space height=&#8221;36px&#8221;][\/vc_column_inner][\/vc_row_inner][\/vc_column][\/vc_row][vc_row][vc_column offset=&#8221;vc_hidden-lg vc_hidden-md vc_hidden-sm&#8221;][vc_separator][\/vc_column][\/vc_row][vc_row full_width=&#8221;stretch_row&#8221; parallax=&#8221;content-moving&#8221;][vc_column offset=&#8221;vc_hidden-xs&#8221;][vc_empty_space height=&#8221;20px&#8221; el_class=&#8221;space-top&#8221;][vc_custom_heading text=&#8221;Scopri le altre mete con partenza da Taormina&#8221; font_container=&#8221;tag:h4|font_size:3em|text_align:center|color:%23702762|line_height:1.2em&#8221; google_fonts=&#8221;font_family:Alike%3Aregular|font_style:400%20regular%3A400%3Anormal&#8221; css=&#8221;.vc_custom_1679130308161{border-radius: 10px !important;}&#8221;][vc_empty_space height=&#8221;16px&#8221; el_class=&#8221;space-top&#8221;][\/vc_column][\/vc_row][vc_row full_width=&#8221;stretch_row&#8221; parallax=&#8221;content-moving&#8221;][vc_column offset=&#8221;vc_hidden-lg vc_hidden-md vc_hidden-sm&#8221;][vc_empty_space height=&#8221;20px&#8221; el_class=&#8221;space-top&#8221;][vc_custom_heading text=&#8221;Scopri le altre mete con partenza da Taormina&#8221; font_container=&#8221;tag:h4|font_size:25px|text_align:center|color:%23ffffff|line_height:1.2em&#8221; google_fonts=&#8221;font_family:Alike%3Aregular|font_style:400%20regular%3A400%3Anormal&#8221; css=&#8221;.vc_custom_1679130319971{background-color: #702762 !important;border-radius: 10px !important;}&#8221;][vc_empty_space height=&#8221;16px&#8221; el_class=&#8221;space-top&#8221;][\/vc_column][\/vc_row][vc_row full_width=&#8221;stretch_row&#8221; parallax=&#8221;content-moving&#8221; parallax_image=&#8221;494&#8243; row_fullwidth=&#8221;yes&#8221; parallax_class=&#8221;yes&#8221;][vc_column][vc_empty_space height=&#8221;36px&#8221; el_class=&#8221;space-top&#8221;][vc_row_inner][vc_column_inner css=&#8221;.vc_custom_1644757654784{padding-right: 15px !important;padding-left: 15px !important;background-color: #ffffff !important;}&#8221;][vc_empty_space height=&#8221;26px&#8221; el_class=&#8221;space-top&#8221;][vc_posts_slider type=&#8221;flexslider_slide&#8221; count=&#8221;5&#8243; interval=&#8221;10&#8243; slides_content=&#8221;teaser&#8221; slides_title=&#8221;1&#8243; thumb_size=&#8221;600&#215;350&#8243; orderby=&#8221;date&#8221; posttypes=&#8221;post&#8221; categories=&#8221;taormina-surroundings&#8221;][\/vc_column_inner][\/vc_row_inner][vc_empty_space height=&#8221;24px&#8221; el_class=&#8221;space-top&#8221;][vc_btn title=&#8221;Scopri i dintorni di Taormina&#8221; color=&#8221;turquoise&#8221; align=&#8221;center&#8221; css_animation=&#8221;bounceIn&#8221; link=&#8221;url:https%3A%2F%2Ftaorminatourguide.com%2Fit%2Fcategory%2Fdintorni%2F&#8221;][\/vc_column][\/vc_row]<\/p>\n","protected":false},"excerpt":{"rendered":"<p>[vc_row full_width=&#8221;stretch_row_content_no_spaces&#8221; row_fullwidth=&#8221;yes&#8221; css=&#8221;.vc_custom_1633534211668{background-position: center !important;background-repeat: no-repeat !important;background-size: cover !important;}&#8221;][vc_column offset=&#8221;vc_hidden-xs&#8221;][\/vc_column][\/vc_row][vc_row full_width=&#8221;stretch_row_content_no_spaces&#8221; row_fullwidth=&#8221;yes&#8221; css=&#8221;.vc_custom_1633534211668{background-position: center !important;background-repeat: no-repeat !important;background-size: cover !important;}&#8221;][vc_column offset=&#8221;vc_hidden-lg vc_hidden-md vc_hidden-sm&#8221;][\/vc_column][\/vc_row][vc_row full_width=&#8221;stretch_row_content&#8221;][vc_column][vc_empty_space height=&#8221;80px&#8221; el_class=&#8221;space-top&#8221;][vc_custom_heading text=&#8221;Visite guidate in Sicilia&#8221; font_container=&#8221;tag:h1|font_size:42|text_align:center|color:%23702762&#8243; google_fonts=&#8221;font_family:Alike%3Aregular|font_style:400%20regular%3A400%3Anormal&#8221; css_animation=&#8221;fadeIn&#8221; css=&#8221;.vc_custom_1679127237617{padding-right: 48px !important;padding-left: 48px !important;}&#8221;][vc_custom_heading text=&#8221;Scopri la Sicilia, Taormina e i dintorni. Immergiti in paesaggi mozzafiato, vivi la magia delle nostre tradizioni [&hellip;]<\/p>\n","protected":false},"author":2,"featured_media":0,"parent":0,"menu_order":0,"comment_status":"closed","ping_status":"closed","template":"template-home-modern.php","meta":{"footnotes":""},"yoast_head":"<!-- This site is optimized with the Yoast SEO plugin v24.5 - https:\/\/yoast.com\/wordpress\/plugins\/seo\/ -->\n<title>Visite guidate in Sicilia &#8212; Taormina tour guide<\/title>\n<meta name=\"description\" content=\"Visite guidate in Sicilia. Scopri Taormina con le sue tradizioni, visita i luoghi pi\u00f9 belli della Sicilia con un&#039;appassionata guida locale.\" \/>\n<meta name=\"robots\" content=\"index, follow, max-snippet:-1, max-image-preview:large, max-video-preview:-1\" \/>\n<link rel=\"canonical\" href=\"https:\/\/taorminatourguide.com\/it\/\" \/>\n<meta name=\"twitter:label1\" content=\"Tempo di lettura stimato\" \/>\n\t<meta name=\"twitter:data1\" content=\"2 minuti\" \/>\n<script type=\"application\/ld+json\" class=\"yoast-schema-graph\">{\"@context\":\"https:\/\/schema.org\",\"@graph\":[{\"@type\":\"WebPage\",\"@id\":\"https:\/\/taorminatourguide.com\/it\/\",\"url\":\"https:\/\/taorminatourguide.com\/it\/\",\"name\":\"Visite guidate in Sicilia &#8212; Taormina tour guide\",\"isPartOf\":{\"@id\":\"https:\/\/taorminatourguide.com\/it\/#website\"},\"datePublished\":\"2021-06-10T14:27:29+00:00\",\"dateModified\":\"2023-04-30T21:52:09+00:00\",\"description\":\"Visite guidate in Sicilia. Scopri Taormina con le sue tradizioni, visita i luoghi pi\u00f9 belli della Sicilia con un'appassionata guida locale.\",\"breadcrumb\":{\"@id\":\"https:\/\/taorminatourguide.com\/it\/#breadcrumb\"},\"inLanguage\":\"it-IT\",\"potentialAction\":[{\"@type\":\"ReadAction\",\"target\":[\"https:\/\/taorminatourguide.com\/it\/\"]}]},{\"@type\":\"BreadcrumbList\",\"@id\":\"https:\/\/taorminatourguide.com\/it\/#breadcrumb\",\"itemListElement\":[{\"@type\":\"ListItem\",\"position\":1,\"name\":\"Home\",\"item\":\"https:\/\/taorminatourguide.com\/it\/\"},{\"@type\":\"ListItem\",\"position\":2,\"name\":\"Visite guidate in Sicilia\"}]},{\"@type\":\"WebSite\",\"@id\":\"https:\/\/taorminatourguide.com\/it\/#website\",\"url\":\"https:\/\/taorminatourguide.com\/it\/\",\"name\":\"Taormina tour guide\",\"description\":\"Tour guidati a Taormina... e in Sicilia\",\"publisher\":{\"@id\":\"https:\/\/taorminatourguide.com\/it\/#organization\"},\"potentialAction\":[{\"@type\":\"SearchAction\",\"target\":{\"@type\":\"EntryPoint\",\"urlTemplate\":\"https:\/\/taorminatourguide.com\/it\/?s={search_term_string}\"},\"query-input\":{\"@type\":\"PropertyValueSpecification\",\"valueRequired\":true,\"valueName\":\"search_term_string\"}}],\"inLanguage\":\"it-IT\"},{\"@type\":\"Organization\",\"@id\":\"https:\/\/taorminatourguide.com\/it\/#organization\",\"name\":\"Taormina Tourist Services by Chiara Rozzi\",\"url\":\"https:\/\/taorminatourguide.com\/it\/\",\"logo\":{\"@type\":\"ImageObject\",\"inLanguage\":\"it-IT\",\"@id\":\"https:\/\/taorminatourguide.com\/it\/#\/schema\/logo\/image\/\",\"url\":\"https:\/\/taorminatourguide.com\/wp-content\/uploads\/cropped-puntatore-mappa-Taormina-Tourist-Service.png\",\"contentUrl\":\"https:\/\/taorminatourguide.com\/wp-content\/uploads\/cropped-puntatore-mappa-Taormina-Tourist-Service.png\",\"width\":429,\"height\":429,\"caption\":\"Taormina Tourist Services by Chiara Rozzi\"},\"image\":{\"@id\":\"https:\/\/taorminatourguide.com\/it\/#\/schema\/logo\/image\/\"},\"sameAs\":[\"https:\/\/www.instagram.com\/chiararozzi\/\",\"https:\/\/www.youtube.com\/channel\/UCFkZko_Oy0fZLOFNeRhMUiQ\"]}]}<\/script>\n<!-- \/ Yoast SEO plugin. -->","yoast_head_json":{"title":"Visite guidate in Sicilia &#8212; Taormina tour guide","description":"Visite guidate in Sicilia. Scopri Taormina con le sue tradizioni, visita i luoghi pi\u00f9 belli della Sicilia con un'appassionata guida locale.","robots":{"index":"index","follow":"follow","max-snippet":"max-snippet:-1","max-image-preview":"max-image-preview:large","max-video-preview":"max-video-preview:-1"},"canonical":"https:\/\/taorminatourguide.com\/it\/","twitter_misc":{"Tempo di lettura stimato":"2 minuti"},"schema":{"@context":"https:\/\/schema.org","@graph":[{"@type":"WebPage","@id":"https:\/\/taorminatourguide.com\/it\/","url":"https:\/\/taorminatourguide.com\/it\/","name":"Visite guidate in Sicilia &#8212; Taormina tour guide","isPartOf":{"@id":"https:\/\/taorminatourguide.com\/it\/#website"},"datePublished":"2021-06-10T14:27:29+00:00","dateModified":"2023-04-30T21:52:09+00:00","description":"Visite guidate in Sicilia. Scopri Taormina con le sue tradizioni, visita i luoghi pi\u00f9 belli della Sicilia con un'appassionata guida locale.","breadcrumb":{"@id":"https:\/\/taorminatourguide.com\/it\/#breadcrumb"},"inLanguage":"it-IT","potentialAction":[{"@type":"ReadAction","target":["https:\/\/taorminatourguide.com\/it\/"]}]},{"@type":"BreadcrumbList","@id":"https:\/\/taorminatourguide.com\/it\/#breadcrumb","itemListElement":[{"@type":"ListItem","position":1,"name":"Home","item":"https:\/\/taorminatourguide.com\/it\/"},{"@type":"ListItem","position":2,"name":"Visite guidate in Sicilia"}]},{"@type":"WebSite","@id":"https:\/\/taorminatourguide.com\/it\/#website","url":"https:\/\/taorminatourguide.com\/it\/","name":"Taormina tour guide","description":"Tour guidati a Taormina... e in Sicilia","publisher":{"@id":"https:\/\/taorminatourguide.com\/it\/#organization"},"potentialAction":[{"@type":"SearchAction","target":{"@type":"EntryPoint","urlTemplate":"https:\/\/taorminatourguide.com\/it\/?s={search_term_string}"},"query-input":{"@type":"PropertyValueSpecification","valueRequired":true,"valueName":"search_term_string"}}],"inLanguage":"it-IT"},{"@type":"Organization","@id":"https:\/\/taorminatourguide.com\/it\/#organization","name":"Taormina Tourist Services by Chiara Rozzi","url":"https:\/\/taorminatourguide.com\/it\/","logo":{"@type":"ImageObject","inLanguage":"it-IT","@id":"https:\/\/taorminatourguide.com\/it\/#\/schema\/logo\/image\/","url":"https:\/\/taorminatourguide.com\/wp-content\/uploads\/cropped-puntatore-mappa-Taormina-Tourist-Service.png","contentUrl":"https:\/\/taorminatourguide.com\/wp-content\/uploads\/cropped-puntatore-mappa-Taormina-Tourist-Service.png","width":429,"height":429,"caption":"Taormina Tourist Services by Chiara Rozzi"},"image":{"@id":"https:\/\/taorminatourguide.com\/it\/#\/schema\/logo\/image\/"},"sameAs":["https:\/\/www.instagram.com\/chiararozzi\/","https:\/\/www.youtube.com\/channel\/UCFkZko_Oy0fZLOFNeRhMUiQ"]}]}},"_links":{"self":[{"href":"https:\/\/taorminatourguide.com\/it\/wp-json\/wp\/v2\/pages\/4539"}],"collection":[{"href":"https:\/\/taorminatourguide.com\/it\/wp-json\/wp\/v2\/pages"}],"about":[{"href":"https:\/\/taorminatourguide.com\/it\/wp-json\/wp\/v2\/types\/page"}],"author":[{"embeddable":true,"href":"https:\/\/taorminatourguide.com\/it\/wp-json\/wp\/v2\/users\/2"}],"replies":[{"embeddable":true,"href":"https:\/\/taorminatourguide.com\/it\/wp-json\/wp\/v2\/comments?post=4539"}],"version-history":[{"count":52,"href":"https:\/\/taorminatourguide.com\/it\/wp-json\/wp\/v2\/pages\/4539\/revisions"}],"predecessor-version":[{"id":7666,"href":"https:\/\/taorminatourguide.com\/it\/wp-json\/wp\/v2\/pages\/4539\/revisions\/7666"}],"wp:attachment":[{"href":"https:\/\/taorminatourguide.com\/it\/wp-json\/wp\/v2\/media?parent=4539"}],"curies":[{"name":"wp","href":"https:\/\/api.w.org\/{rel}","templated":true}]}}